{"id":1654,"date":"2023-10-23T10:32:13","date_gmt":"2023-10-23T10:32:13","guid":{"rendered":"https:\/\/store.idl.edu.pt\/?page_id=1654"},"modified":"2023-10-24T07:53:22","modified_gmt":"2023-10-24T07:53:22","slug":"idl-all","status":"publish","type":"page","link":"https:\/\/store.idl.edu.pt\/index.php\/idl-all\/","title":{"rendered":"idl all"},"content":{"rendered":"\t\t<div data-elementor-type=\"wp-page\" data-elementor-id=\"1654\" class=\"elementor elementor-1654\">\n\t\t\t\t\t\t<section class=\"elementor-section elementor-top-section elementor-element elementor-element-6acda23 ct-section-stretched elementor-section-content-middle elementor-section-boxed elementor-section-height-default elementor-section-height-default\" data-id=\"6acda23\" data-element_type=\"section\" data-settings=\"{&quot;background_background&quot;:&quot;classic&quot;}\">\n\t\t\t\t\t\t<div class=\"elementor-container elementor-column-gap-default\">\n\t\t\t\t\t<div class=\"elementor-column elementor-col-100 elementor-top-column elementor-element elementor-element-d906750\" data-id=\"d906750\" data-element_type=\"column\">\n\t\t\t<div class=\"elementor-widget-wrap elementor-element-populated\">\n\t\t\t\t\t\t<div class=\"elementor-element elementor-element-89ef14a elementor-widget elementor-widget-shortcode\" data-id=\"89ef14a\" data-element_type=\"widget\" data-widget_type=\"shortcode.default\">\n\t\t\t\t<div class=\"elementor-widget-container\">\n\t\t\t\t\t<div class=\"elementor-shortcode\"><\/div>\n\t\t\t\t<\/div>\n\t\t\t\t<\/div>\n\t\t\t\t<div class=\"elementor-element elementor-element-f3f5fff elementor-widget elementor-widget-heading\" data-id=\"f3f5fff\" data-element_type=\"widget\" data-widget_type=\"heading.default\">\n\t\t\t\t<div class=\"elementor-widget-container\">\n\t\t\t<h2 class=\"elementor-heading-title elementor-size-default\">idl all<\/h2>\t\t<\/div>\n\t\t\t\t<\/div>\n\t\t\t\t\t<\/div>\n\t\t<\/div>\n\t\t\t\t\t<\/div>\n\t\t<\/section>\n\t\t<div class=\"elementor-element elementor-element-2f68655 e-flex e-con-boxed e-con e-parent\" data-id=\"2f68655\" data-element_type=\"container\">\n\t\t\t\t\t<div class=\"e-con-inner\">\n\t\t\t\t<div class=\"elementor-element elementor-element-9bc7368 elementor-widget elementor-widget-spacer\" data-id=\"9bc7368\" data-element_type=\"widget\" data-widget_type=\"spacer.default\">\n\t\t\t\t<div class=\"elementor-widget-container\">\n\t\t\t\t\t<div class=\"elementor-spacer\">\n\t\t\t<div class=\"elementor-spacer-inner\"><\/div>\n\t\t<\/div>\n\t\t\t\t<\/div>\n\t\t\t\t<\/div>\n\t\t\t\t\t<\/div>\n\t\t\t\t<\/div>\n\t\t<div class=\"elementor-element elementor-element-d4e3840 e-flex e-con-boxed e-con e-parent\" data-id=\"d4e3840\" data-element_type=\"container\">\n\t\t\t\t\t<div class=\"e-con-inner\">\n\t\t<div class=\"elementor-element elementor-element-64f0746 e-con-full e-flex e-con e-child\" data-id=\"64f0746\" data-element_type=\"container\">\n\t\t\t\t<div class=\"elementor-element elementor-element-418caeb elementor-widget elementor-widget-image\" data-id=\"418caeb\" data-element_type=\"widget\" data-widget_type=\"image.default\">\n\t\t\t\t<div class=\"elementor-widget-container\">\n\t\t\t\t\t\t\t\t\t\t\t\t\t<img fetchpriority=\"high\" decoding=\"async\" width=\"1024\" height=\"768\" src=\"https:\/\/store.idl.edu.pt\/wp-content\/uploads\/2023\/10\/idl-all.jpg\" class=\"attachment-full size-full wp-image-1656\" alt=\"\" srcset=\"https:\/\/store.idl.edu.pt\/wp-content\/uploads\/2023\/10\/idl-all.jpg 1024w, https:\/\/store.idl.edu.pt\/wp-content\/uploads\/2023\/10\/idl-all-600x450.jpg 600w, https:\/\/store.idl.edu.pt\/wp-content\/uploads\/2023\/10\/idl-all-300x225.jpg 300w, https:\/\/store.idl.edu.pt\/wp-content\/uploads\/2023\/10\/idl-all-768x576.jpg 768w\" sizes=\"(max-width: 1024px) 100vw, 1024px\" \/>\t\t\t\t\t\t\t\t\t\t\t\t\t<\/div>\n\t\t\t\t<\/div>\n\t\t\t\t<\/div>\n\t\t<div class=\"elementor-element elementor-element-917fc52 e-con-full e-flex e-con e-child\" data-id=\"917fc52\" data-element_type=\"container\">\n\t\t\t\t<div class=\"elementor-element elementor-element-7bc99ae elementor-widget elementor-widget-text-editor\" data-id=\"7bc99ae\" data-element_type=\"widget\" data-widget_type=\"text-editor.default\">\n\t\t\t\t<div class=\"elementor-widget-container\">\n\t\t\t\t\t\t\t<h3>O IDL proporciona o acesso facilitado a ferramentas de aprendizagem que permitem a todas as suas Crian\u00e7as e a todos os seus Estudantes a independ\u00eancia e a oportunidade de aprender <span style=\"color: #bb9100;\">sem estigmas e em equidade.<\/span><\/h3>\t\t\t\t\t\t<\/div>\n\t\t\t\t<\/div>\n\t\t\t\t<div class=\"elementor-element elementor-element-44367ac elementor-widget elementor-widget-text-editor\" data-id=\"44367ac\" data-element_type=\"widget\" data-widget_type=\"text-editor.default\">\n\t\t\t\t<div class=\"elementor-widget-container\">\n\t\t\t\t\t\t\t<p>O mundo est\u00e1 a mudar mais rapidamente do que nunca. Assim tamb\u00e9m est\u00e3o a mudar as compet\u00eancias de que as Crian\u00e7as e os Estudantes precisam na sua vida pr\u00e9-escolar e escolar.<\/p><p>O IDL, por voca\u00e7\u00e3o e enquanto Microsoft School, aproxima-se de todos numa ideia-pr\u00e1tica da tecnologia, entendida como ajuda ao desenvolvimento das capacidades e das compet\u00eancias de cada um.<\/p><p>Cada Crian\u00e7a no Pr\u00e9-Escolar, cada Estudante nos diversos ciclos de educa\u00e7\u00e3o escolar \u00e9 portador de um equipamento inform\u00e1tico port\u00e1til, pessoal, que a\/o liga a conte\u00fados e a modos de aprender diferentes e complementares, ajudando cada um a ser mais capaz.<\/p><p>O IDL proporciona o acesso facilitado a ferramentas de aprendizagem que permitem a todas as suas Crian\u00e7as e a todos os seus Estudantes a independ\u00eancia e a oportunidade de aprender sem estigmas e em equidade.<\/p><p>Num uso respons\u00e1vel e em tutoria permanente, a tecnologia usada no IDL \u00e9 facilitadora das aprendizagens, prolongando a sala de aula para qualquer lugar, facultando experi\u00eancias de aprendizagem personalizadas que ajudam cada um a alcan\u00e7ar melhores resultados acad\u00e9micos, assim como a desenvolver as suas compet\u00eancias emocionais e sociais.<\/p>\t\t\t\t\t\t<\/div>\n\t\t\t\t<\/div>\n\t\t\t\t<\/div>\n\t\t\t\t\t<\/div>\n\t\t\t\t<\/div>\n\t\t<div class=\"elementor-element elementor-element-83897df e-flex e-con-boxed e-con e-parent\" data-id=\"83897df\" data-element_type=\"container\">\n\t\t\t\t\t<div class=\"e-con-inner\">\n\t\t\t\t<div class=\"elementor-element elementor-element-55b65e3 elementor-widget elementor-widget-spacer\" data-id=\"55b65e3\" data-element_type=\"widget\" data-widget_type=\"spacer.default\">\n\t\t\t\t<div class=\"elementor-widget-container\">\n\t\t\t\t\t<div class=\"elementor-spacer\">\n\t\t\t<div class=\"elementor-spacer-inner\"><\/div>\n\t\t<\/div>\n\t\t\t\t<\/div>\n\t\t\t\t<\/div>\n\t\t\t\t\t<\/div>\n\t\t\t\t<\/div>\n\t\t<div class=\"elementor-element elementor-element-f3133e3 e-flex e-con-boxed e-con e-parent\" data-id=\"f3133e3\" data-element_type=\"container\">\n\t\t\t\t\t<div class=\"e-con-inner\">\n\t\t\t\t<div class=\"elementor-element elementor-element-fc42a26 elementor-widget elementor-widget-shortcode\" data-id=\"fc42a26\" data-element_type=\"widget\" data-widget_type=\"shortcode.default\">\n\t\t\t\t<div class=\"elementor-widget-container\">\n\t\t\t\t\t<div class=\"elementor-shortcode\"><div class=\"woocommerce columns-4 \"><ul data-products=\"type-2\" data-hover=\"swap\" class=\"products columns-4\">\n<li class=\"product type-product post-1135 status-publish first outofstock product_cat-idl-all has-post-thumbnail shipping-taxable purchasable product-type-simple\">\n\t<a href=\"https:\/\/store.idl.edu.pt\/index.php\/product\/hp-probook-x360-fortis-g11\/\" class=\"woocommerce-LoopProduct-link woocommerce-loop-product__link\"><img decoding=\"async\" width=\"300\" height=\"300\" src=\"https:\/\/store.idl.edu.pt\/wp-content\/uploads\/2024\/01\/IMG_4018-300x300.jpg\" class=\"attachment-woocommerce_thumbnail size-woocommerce_thumbnail\" alt=\"\" srcset=\"https:\/\/store.idl.edu.pt\/wp-content\/uploads\/2024\/01\/IMG_4018-300x300.jpg 300w, https:\/\/store.idl.edu.pt\/wp-content\/uploads\/2024\/01\/IMG_4018-150x150.jpg 150w, https:\/\/store.idl.edu.pt\/wp-content\/uploads\/2024\/01\/IMG_4018-100x100.jpg 100w\" sizes=\"(max-width: 300px) 100vw, 300px\" \/><h2 class=\"woocommerce-loop-product__title\">HP ProBook x360 Fortis G11<\/h2>\n\t<span class=\"price\"><span class=\"woocommerce-Price-amount amount\"><bdi>680,00&nbsp;<span class=\"woocommerce-Price-currencySymbol\">&euro;<\/span><\/bdi><\/span><\/span>\n<\/a><a href=\"https:\/\/store.idl.edu.pt\/index.php\/product\/hp-probook-x360-fortis-g11\/\" aria-describedby=\"woocommerce_loop_add_to_cart_link_describedby_1135\" data-quantity=\"1\" class=\"button product_type_simple\" data-product_id=\"1135\" data-product_sku=\"\" aria-label=\"Read more about &ldquo;HP ProBook x360 Fortis G11&rdquo;\" rel=\"nofollow\" data-success_message=\"\">Read more<\/a>\t<span id=\"woocommerce_loop_add_to_cart_link_describedby_1135\" class=\"screen-reader-text\">\n\t\t\t<\/span>\n<\/li>\n<\/ul>\n<\/div><\/div>\n\t\t\t\t<\/div>\n\t\t\t\t<\/div>\n\t\t\t\t\t<\/div>\n\t\t\t\t<\/div>\n\t\t<div class=\"elementor-element elementor-element-e00426e e-flex e-con-boxed e-con e-parent\" data-id=\"e00426e\" data-element_type=\"container\">\n\t\t\t\t\t<div class=\"e-con-inner\">\n\t\t\t\t<div class=\"elementor-element elementor-element-911c68c elementor-widget elementor-widget-spacer\" data-id=\"911c68c\" data-element_type=\"widget\" data-widget_type=\"spacer.default\">\n\t\t\t\t<div class=\"elementor-widget-container\">\n\t\t\t\t\t<div class=\"elementor-spacer\">\n\t\t\t<div class=\"elementor-spacer-inner\"><\/div>\n\t\t<\/div>\n\t\t\t\t<\/div>\n\t\t\t\t<\/div>\n\t\t\t\t\t<\/div>\n\t\t\t\t<\/div>\n\t\t\t\t<\/div>\n\t\t","protected":false},"excerpt":{"rendered":"<p>idl all O IDL proporciona o acesso facilitado a ferramentas de aprendizagem que permitem a todas as suas Crian\u00e7as e a todos os seus Estudantes a independ\u00eancia e a oportunidade de aprender sem estigmas e em equidade. O mundo est\u00e1 a mudar mais rapidamente do que nunca. Assim tamb\u00e9m est\u00e3o a mudar as compet\u00eancias de [&hellip;]<\/p>\n","protected":false},"author":1,"featured_media":0,"parent":0,"menu_order":0,"comment_status":"closed","ping_status":"closed","template":"","meta":{"footnotes":""},"class_list":["post-1654","page","type-page","status-publish","hentry"],"blocksy_meta":{"page_title_panel":"","has_hero_section":"disabled","3e2640e51f761dfe7656685592167ce1":"","hero_section":"type-1","hero_elements":[{"id":"custom_title","enabled":true,"heading_tag":"h1","title":"Home"},{"id":"custom_description","enabled":true,"description_visibility":{"desktop":true,"tablet":true,"mobile":false}},{"id":"custom_meta","enabled":false,"meta_elements":[{"id":"author","enabled":true,"label":"By","has_author_avatar":"yes","avatar_size":25},{"id":"post_date","enabled":true,"label":"On","date_format_source":"default","date_format":"M j, Y"},{"id":"updated_date","enabled":false,"label":"On","date_format_source":"default","date_format":"M j, Y"},{"id":"categories","enabled":false,"label":"In","style":"simple"},{"id":"comments","enabled":true}],"page_meta_elements":{"joined":true,"articles_count":true,"comments":true}},{"id":"breadcrumbs","enabled":false}],"e9d68676ed79988508b1be09826fa743":"","hero_alignment1":"CT_CSS_SKIP_RULE","hero_margin":40,"hero_alignment2":"center","hero_vertical_alignment":"center","3bdfae93ce1d93469dc696f7179ae245":"","hero_structure":"narrow","4a77c1745cff4ac6f9fddbf664a6b308":"","page_title_bg_type":"featured_image","custom_hero_background":{"attachment_id":null},"parallax":{"desktop":false,"tablet":false,"mobile":false},"483708af533d4c1a9a7834b8d17acf02":"","hero_height":"250px","pageTitleFont":{"family":"Default","variation":"Default","size":"30px","line-height":"CT_CSS_SKIP_RULE","letter-spacing":"CT_CSS_SKIP_RULE","text-transform":"CT_CSS_SKIP_RULE","text-decoration":"CT_CSS_SKIP_RULE"},"pageTitleFontColor":{"default":{"color":"CT_CSS_SKIP_RULEDEFAULT"}},"pageMetaFont":{"family":"Default","variation":"n6","size":"12px","line-height":"1.3","letter-spacing":"CT_CSS_SKIP_RULE","text-transform":"uppercase","text-decoration":"CT_CSS_SKIP_RULE"},"pageMetaFontColor":{"default":{"color":"CT_CSS_SKIP_RULEDEFAULT"},"hover":{"color":"CT_CSS_SKIP_RULEDEFAULT"}},"page_meta_button_type_font_colors":{"default":{"color":"CT_CSS_SKIP_RULEDEFAULT"},"hover":{"color":"CT_CSS_SKIP_RULEDEFAULT"}},"page_meta_button_type_background_colors":{"default":{"color":"CT_CSS_SKIP_RULEDEFAULT"},"hover":{"color":"CT_CSS_SKIP_RULEDEFAULT"}},"pageExcerptFont":{"family":"Default","variation":"Default","size":"CT_CSS_SKIP_RULE","line-height":"CT_CSS_SKIP_RULE","letter-spacing":"CT_CSS_SKIP_RULE","text-transform":"CT_CSS_SKIP_RULE","text-decoration":"CT_CSS_SKIP_RULE"},"pageExcerptColor":{"default":{"color":"CT_CSS_SKIP_RULEDEFAULT"}},"breadcrumbsFont":{"family":"Default","variation":"Default","size":"CT_CSS_SKIP_RULE","line-height":"CT_CSS_SKIP_RULE","letter-spacing":"CT_CSS_SKIP_RULE","text-transform":"CT_CSS_SKIP_RULE","text-decoration":"CT_CSS_SKIP_RULE"},"breadcrumbsFontColor":{"default":{"color":"CT_CSS_SKIP_RULEDEFAULT"},"initial":{"color":"CT_CSS_SKIP_RULEDEFAULT"},"hover":{"color":"CT_CSS_SKIP_RULEDEFAULT"}},"pageTitleOverlay":{"background_type":"color","background_pattern":"type-1","background_image":{"attachment_id":null,"x":0,"y":0},"gradient":"linear-gradient(135deg,rgba(6,147,227,1) 0%,rgb(155,81,224) 100%)","background_repeat":"repeat","background_size":"auto","background_attachment":"scroll","patternColor":{"default":{"color":"#e5e7ea"}},"overlayColor":{"default":{"color":"CT_CSS_SKIP_RULE"}},"backgroundColor":{"default":{"color":"CT_CSS_SKIP_RULE"}}},"pageTitleBackground":{"background_type":"color","background_pattern":"type-1","background_image":{"attachment_id":null,"x":0,"y":0},"gradient":"linear-gradient(135deg,rgba(6,147,227,1) 0%,rgb(155,81,224) 100%)","background_repeat":"repeat","background_size":"auto","background_attachment":"scroll","patternColor":{"default":{"color":"#e5e7ea"}},"overlayColor":{"default":{"color":"CT_CSS_SKIP_RULE"}},"backgroundColor":{"default":{"color":"var(--theme-palette-color-6)"}}},"pageTitlePadding":{"top":"50px","bottom":"50px","left":"auto","right":"auto","linked":true},"3ffd0daf434f6b64c1468976bc9af81f":"","page_structure_type":"default","3fce4764a807a146775391253cd94a43":"","content_style_source":"inherit","content_style":"wide","vertical_spacing_source":"custom","content_area_spacing":"none","background":{"background_type":"color","background_pattern":"type-1","background_image":{"attachment_id":null,"x":0,"y":0},"gradient":"linear-gradient(135deg,rgba(6,147,227,1) 0%,rgb(155,81,224) 100%)","background_repeat":"repeat","background_size":"auto","background_attachment":"scroll","patternColor":{"default":{"color":"#e5e7ea"}},"overlayColor":{"default":{"color":"CT_CSS_SKIP_RULE"}},"backgroundColor":{"default":{"color":"CT_CSS_SKIP_RULE"}}},"content_background":{"background_type":"color","background_pattern":"type-1","background_image":{"attachment_id":null,"x":0,"y":0},"gradient":"linear-gradient(135deg,rgba(6,147,227,1) 0%,rgb(155,81,224) 100%)","background_repeat":"repeat","background_size":"auto","background_attachment":"scroll","patternColor":{"default":{"color":"#e5e7ea"}},"overlayColor":{"default":{"color":"CT_CSS_SKIP_RULE"}},"backgroundColor":{"default":{"color":"var(--theme-palette-color-8)"}}},"content_boxed_shadow":{"inherit":false,"blur":18,"spread":-6,"v_offset":12,"h_offset":0,"inset":false,"enable":true,"color":{"color":"rgba(34, 56, 101, 0.04)"}},"boxed_content_spacing":{"desktop":{"top":"40px","bottom":"40px","left":"40px","right":"40px","linked":true},"tablet":{"top":"35px","bottom":"35px","left":"35px","right":"35px","linked":true},"mobile":{"top":"20px","bottom":"20px","left":"20px","right":"20px","linked":true}},"content_boxed_radius":{"top":"3px","bottom":"3px","left":"3px","right":"3px","linked":true},"f2be525bf4a516ead5288edc69dad84f":"","disable_featured_image":"no","disable_share_box":"no","disable_header":"no","disable_footer":"no","styles_descriptor":{"styles":{"desktop":"","tablet":"","mobile":""},"google_fonts":[],"version":6}},"_links":{"self":[{"href":"https:\/\/store.idl.edu.pt\/index.php\/wp-json\/wp\/v2\/pages\/1654","targetHints":{"allow":["GET"]}}],"collection":[{"href":"https:\/\/store.idl.edu.pt\/index.php\/wp-json\/wp\/v2\/pages"}],"about":[{"href":"https:\/\/store.idl.edu.pt\/index.php\/wp-json\/wp\/v2\/types\/page"}],"author":[{"embeddable":true,"href":"https:\/\/store.idl.edu.pt\/index.php\/wp-json\/wp\/v2\/users\/1"}],"replies":[{"embeddable":true,"href":"https:\/\/store.idl.edu.pt\/index.php\/wp-json\/wp\/v2\/comments?post=1654"}],"version-history":[{"count":52,"href":"https:\/\/store.idl.edu.pt\/index.php\/wp-json\/wp\/v2\/pages\/1654\/revisions"}],"predecessor-version":[{"id":1822,"href":"https:\/\/store.idl.edu.pt\/index.php\/wp-json\/wp\/v2\/pages\/1654\/revisions\/1822"}],"wp:attachment":[{"href":"https:\/\/store.idl.edu.pt\/index.php\/wp-json\/wp\/v2\/media?parent=1654"}],"curies":[{"name":"wp","href":"https:\/\/api.w.org\/{rel}","templated":true}]}}